{"id":12456,"date":"2025-07-16T10:53:29","date_gmt":"2025-07-16T10:53:29","guid":{"rendered":"https:\/\/exportis.fr\/?page_id=12456"},"modified":"2025-07-18T13:05:14","modified_gmt":"2025-07-18T13:05:14","slug":"protection-donnees","status":"publish","type":"page","link":"https:\/\/exportis.fr\/fr\/protection-donnees\/","title":{"rendered":"Protection Donnees"},"content":{"rendered":"\t\t<div data-elementor-type=\"wp-page\" data-elementor-id=\"12456\" class=\"elementor elementor-12456\">\n\t\t\t\t\t\t<section class=\"elementor-section elementor-top-section elementor-element elementor-element-4616edc elementor-section-boxed elementor-section-height-default elementor-section-height-default\" data-id=\"4616edc\" data-element_type=\"section\" data-e-type=\"section\" data-settings=\"{&quot;background_background&quot;:&quot;classic&quot;}\">\n\t\t\t\t\t\t\t<div class=\"elementor-background-overlay\"><\/div>\n\t\t\t\t\t\t\t<div class=\"elementor-container elementor-column-gap-default\">\n\t\t\t\t\t<div class=\"elementor-column elementor-col-100 elementor-top-column elementor-element elementor-element-cb8311b\" data-id=\"cb8311b\" data-element_type=\"column\" data-e-type=\"column\">\n\t\t\t<div class=\"elementor-widget-wrap elementor-element-populated\">\n\t\t\t\t\t\t<div class=\"elementor-element elementor-element-b9aaf26 elementor-widget elementor-widget-page-title\" data-id=\"b9aaf26\" data-element_type=\"widget\" data-e-type=\"widget\" data-settings=\"{&quot;align&quot;:&quot;center&quot;}\" data-widget_type=\"page-title.default\">\n\t\t\t\t<div class=\"elementor-widget-container\">\n\t\t\t\t\t\t\t\n\t\t<div class=\"hfe-page-title hfe-page-title-wrapper elementor-widget-heading\">\n\n\t\t\t\t\t\t\t\t<h1 class=\"elementor-heading-title elementor-size-default\">\n\t\t\t\t\t\t\t\t\n\t\t\t\tProtection Donnees  \n\t\t\t<\/h1 > \n\t\t\t\t\t<\/div>\n\t\t\t\t\t\t<\/div>\n\t\t\t\t<\/div>\n\t\t\t\t\t<\/div>\n\t\t<\/div>\n\t\t\t\t\t<\/div>\n\t\t<\/section>\n\t\t\t\t<section class=\"elementor-section elementor-top-section elementor-element elementor-element-8c30f97 elementor-section-boxed elementor-section-height-default elementor-section-height-default\" data-id=\"8c30f97\" data-element_type=\"section\" data-e-type=\"section\" data-settings=\"{&quot;background_background&quot;:&quot;classic&quot;}\">\n\t\t\t\t\t\t<div class=\"elementor-container elementor-column-gap-default\">\n\t\t\t\t\t<div class=\"elementor-column elementor-col-100 elementor-top-column elementor-element elementor-element-32b5026\" data-id=\"32b5026\" data-element_type=\"column\" data-e-type=\"column\">\n\t\t\t<div class=\"elementor-widget-wrap elementor-element-populated\">\n\t\t\t\t\t\t<div class=\"elementor-element elementor-element-dfe578c elementor-widget-mobile__width-initial elementor-widget__width-initial elementor-widget elementor-widget-heading\" data-id=\"dfe578c\" data-element_type=\"widget\" data-e-type=\"widget\" data-widget_type=\"heading.default\">\n\t\t\t\t<div class=\"elementor-widget-container\">\n\t\t\t\t\t<h1 class=\"elementor-heading-title elementor-size-default\">Politique de protection des donn\u00e9es \u00e0 caract\u00e8re personnel<\/h1>\t\t\t\t<\/div>\n\t\t\t\t<\/div>\n\t\t\t\t<div class=\"elementor-element elementor-element-5e09af6 elementor-widget-mobile__width-initial elementor-widget__width-initial elementor-widget elementor-widget-heading\" data-id=\"5e09af6\" data-element_type=\"widget\" data-e-type=\"widget\" data-widget_type=\"heading.default\">\n\t\t\t\t<div class=\"elementor-widget-container\">\n\t\t\t\t\t<h2 class=\"elementor-heading-title elementor-size-default\">Mis \u00e0 jour le 11\/07\/2025<\/h2>\t\t\t\t<\/div>\n\t\t\t\t<\/div>\n\t\t\t\t<div class=\"elementor-element elementor-element-83008c0 elementor-widget__width-initial elementor-widget-mobile__width-initial elementor-widget elementor-widget-text-editor\" data-id=\"83008c0\" data-element_type=\"widget\" data-e-type=\"widget\" data-widget_type=\"text-editor.default\">\n\t\t\t\t<div class=\"elementor-widget-container\">\n\t\t\t\t\t\t\t\t\t<div class=\"ewa-rteLine\">Conform\u00e9ment au R\u00e8glement G\u00e9n\u00e9ral sur la Protection des Donn\u00e9es (RGPD &#8211; R\u00e8glement (UE) 2016\/679) et \u00e0 la loi Informatique et Libert\u00e9s, Exportis s\u2019engage \u00e0 garantir un niveau \u00e9lev\u00e9 de protection des donn\u00e9es personnelles des utilisateurs.<\/div>\t\t\t\t\t\t\t\t<\/div>\n\t\t\t\t<\/div>\n\t\t\t\t<div class=\"elementor-element elementor-element-1329559 elementor-widget-mobile__width-initial elementor-widget__width-initial elementor-widget elementor-widget-heading\" data-id=\"1329559\" data-element_type=\"widget\" data-e-type=\"widget\" data-widget_type=\"heading.default\">\n\t\t\t\t<div class=\"elementor-widget-container\">\n\t\t\t\t\t<h3 class=\"elementor-heading-title elementor-size-default\">1. Responsable du traitement<\/h3>\t\t\t\t<\/div>\n\t\t\t\t<\/div>\n\t\t\t\t<div class=\"elementor-element elementor-element-b3e55a4 elementor-widget__width-initial elementor-widget-mobile__width-initial elementor-widget elementor-widget-text-editor\" data-id=\"b3e55a4\" data-element_type=\"widget\" data-e-type=\"widget\" data-widget_type=\"text-editor.default\">\n\t\t\t\t<div class=\"elementor-widget-container\">\n\t\t\t\t\t\t\t\t\t<div class=\"ewa-rteLine\">Exportis<br \/>SAS au capital de 5 000 \u20ac<br \/>51 rue Baudri\u00e8re, 49100 Angers, France<br \/>RCS : 817 634 421 R.C.S. Angers<br \/>TVA : FR81817634421<br \/>Directeur de la publication : Jean-Fran\u00e7ois RENAULT<br \/>T\u00e9l. : +33 (0)7 86 33 85 69<br \/>Email : <a style=\"text-decoration: none;\" href=\"mailto:franceoffice@exportis.fr\"><span style=\"color: #3366ff;\"><strong>franceoffice@exportis.fr<\/strong><\/span><\/a><\/div>\t\t\t\t\t\t\t\t<\/div>\n\t\t\t\t<\/div>\n\t\t\t\t<div class=\"elementor-element elementor-element-2772030 elementor-widget-mobile__width-initial elementor-widget__width-initial elementor-widget elementor-widget-heading\" data-id=\"2772030\" data-element_type=\"widget\" data-e-type=\"widget\" data-widget_type=\"heading.default\">\n\t\t\t\t<div class=\"elementor-widget-container\">\n\t\t\t\t\t<h3 class=\"elementor-heading-title elementor-size-default\">2. Donn\u00e9es collect\u00e9es<\/h3>\t\t\t\t<\/div>\n\t\t\t\t<\/div>\n\t\t\t\t<div class=\"elementor-element elementor-element-df05c69 elementor-widget__width-initial elementor-widget-mobile__width-initial elementor-widget elementor-widget-text-editor\" data-id=\"df05c69\" data-element_type=\"widget\" data-e-type=\"widget\" data-widget_type=\"text-editor.default\">\n\t\t\t\t<div class=\"elementor-widget-container\">\n\t\t\t\t\t\t\t\t\t<div class=\"ewa-rteLine\">Nous collectons notamment les donn\u00e9es suivantes : nom, pr\u00e9nom, adresse e-mail, num\u00e9ro de t\u00e9l\u00e9phone, adresse IP, donn\u00e9es de navigation.<\/div>\t\t\t\t\t\t\t\t<\/div>\n\t\t\t\t<\/div>\n\t\t\t\t<div class=\"elementor-element elementor-element-5241ad5 elementor-widget-mobile__width-initial elementor-widget__width-initial elementor-widget elementor-widget-heading\" data-id=\"5241ad5\" data-element_type=\"widget\" data-e-type=\"widget\" data-widget_type=\"heading.default\">\n\t\t\t\t<div class=\"elementor-widget-container\">\n\t\t\t\t\t<h3 class=\"elementor-heading-title elementor-size-default\">3. Finalit\u00e9 du traitement<\/h3>\t\t\t\t<\/div>\n\t\t\t\t<\/div>\n\t\t\t\t<div class=\"elementor-element elementor-element-f5d184f elementor-widget__width-initial elementor-widget-mobile__width-initial elementor-widget elementor-widget-text-editor\" data-id=\"f5d184f\" data-element_type=\"widget\" data-e-type=\"widget\" data-widget_type=\"text-editor.default\">\n\t\t\t\t<div class=\"elementor-widget-container\">\n\t\t\t\t\t\t\t\t\t<div class=\"ewa-rteLine\">Les donn\u00e9es collect\u00e9es servent \u00e0 :<br \/>\u2022 traiter les demandes de contact,<br \/>\u2022 r\u00e9pondre aux sollicitations commerciales,<br \/>\u2022 am\u00e9liorer l\u2019exp\u00e9rience utilisateur,<br \/>\u2022 respecter les obligations l\u00e9gales et r\u00e9glementaires.<\/div>\t\t\t\t\t\t\t\t<\/div>\n\t\t\t\t<\/div>\n\t\t\t\t<div class=\"elementor-element elementor-element-6325e38 elementor-widget-mobile__width-initial elementor-widget__width-initial elementor-widget elementor-widget-heading\" data-id=\"6325e38\" data-element_type=\"widget\" data-e-type=\"widget\" data-widget_type=\"heading.default\">\n\t\t\t\t<div class=\"elementor-widget-container\">\n\t\t\t\t\t<h3 class=\"elementor-heading-title elementor-size-default\">4. Base l\u00e9gale<\/h3>\t\t\t\t<\/div>\n\t\t\t\t<\/div>\n\t\t\t\t<div class=\"elementor-element elementor-element-de0f269 elementor-widget__width-initial elementor-widget-mobile__width-initial elementor-widget elementor-widget-text-editor\" data-id=\"de0f269\" data-element_type=\"widget\" data-e-type=\"widget\" data-widget_type=\"text-editor.default\">\n\t\t\t\t<div class=\"elementor-widget-container\">\n\t\t\t\t\t\t\t\t\t<div class=\"ewa-rteLine\">Les traitements sont fond\u00e9s sur l\u2019int\u00e9r\u00eat l\u00e9gitime, l\u2019ex\u00e9cution d\u2019un contrat ou le consentement explicite de l\u2019utilisateur.<\/div>\t\t\t\t\t\t\t\t<\/div>\n\t\t\t\t<\/div>\n\t\t\t\t<div class=\"elementor-element elementor-element-ea7c02a elementor-widget-mobile__width-initial elementor-widget__width-initial elementor-widget elementor-widget-heading\" data-id=\"ea7c02a\" data-element_type=\"widget\" data-e-type=\"widget\" data-widget_type=\"heading.default\">\n\t\t\t\t<div class=\"elementor-widget-container\">\n\t\t\t\t\t<h3 class=\"elementor-heading-title elementor-size-default\">5. Dur\u00e9e de conservation<\/h3>\t\t\t\t<\/div>\n\t\t\t\t<\/div>\n\t\t\t\t<div class=\"elementor-element elementor-element-4418e2e elementor-widget__width-initial elementor-widget-mobile__width-initial elementor-widget elementor-widget-text-editor\" data-id=\"4418e2e\" data-element_type=\"widget\" data-e-type=\"widget\" data-widget_type=\"text-editor.default\">\n\t\t\t\t<div class=\"elementor-widget-container\">\n\t\t\t\t\t\t\t\t\t<div class=\"ewa-rteLine\">Les donn\u00e9es sont conserv\u00e9es pendant la dur\u00e9e n\u00e9cessaire aux finalit\u00e9s pour lesquelles elles ont \u00e9t\u00e9 collect\u00e9es, conform\u00e9ment aux recommandations de la CNIL.<\/div>\t\t\t\t\t\t\t\t<\/div>\n\t\t\t\t<\/div>\n\t\t\t\t<div class=\"elementor-element elementor-element-7623b5b elementor-widget-mobile__width-initial elementor-widget__width-initial elementor-widget elementor-widget-heading\" data-id=\"7623b5b\" data-element_type=\"widget\" data-e-type=\"widget\" data-widget_type=\"heading.default\">\n\t\t\t\t<div class=\"elementor-widget-container\">\n\t\t\t\t\t<h3 class=\"elementor-heading-title elementor-size-default\">6. Droits des utilisateurs<\/h3>\t\t\t\t<\/div>\n\t\t\t\t<\/div>\n\t\t\t\t<div class=\"elementor-element elementor-element-4f5572f elementor-widget__width-initial elementor-widget-mobile__width-initial elementor-widget elementor-widget-text-editor\" data-id=\"4f5572f\" data-element_type=\"widget\" data-e-type=\"widget\" data-widget_type=\"text-editor.default\">\n\t\t\t\t<div class=\"elementor-widget-container\">\n\t\t\t\t\t\t\t\t\t<div class=\"ewa-rteLine\"><p>Conform\u00e9ment au RGPD, vous disposez des droits suivants :<br \/>\u2022 droit d\u2019acc\u00e8s,<br \/>\u2022 droit de rectification,<br \/>\u2022 droit \u00e0 l\u2019effacement,<br \/>\u2022 droit \u00e0 la limitation du traitement,<br \/>\u2022 droit d\u2019opposition,<br \/>\u2022 droit \u00e0 la portabilit\u00e9 des donn\u00e9es.<\/p><p>Vous pouvez \u00e9galement d\u00e9poser une r\u00e9clamation aupr\u00e8s de la CNIL (<a href=\"https:\/\/www.cnil.fr\/fr\"><span style=\"color: #3366ff;\"><b>www.cnil.fr<\/b><\/span><\/a>)<\/p><p>Pour exercer vos droits : <a style=\"text-decoration: none;\" href=\"mailto:franceoffice@exportis.fr\"><span style=\"color: #3366ff;\"><strong>franceoffice@exportis.fr<\/strong><\/span><\/a><\/p><\/div>\t\t\t\t\t\t\t\t<\/div>\n\t\t\t\t<\/div>\n\t\t\t\t\t<\/div>\n\t\t<\/div>\n\t\t\t\t\t<\/div>\n\t\t<\/section>\n\t\t\t\t<\/div>\n\t\t","protected":false},"excerpt":{"rendered":"<p>Protection Donnees Politique de protection des donn\u00e9es \u00e0 caract\u00e8re personnel Mis \u00e0 jour le 11\/07\/2025 Conform\u00e9ment au R\u00e8glement G\u00e9n\u00e9ral sur la Protection des Donn\u00e9es (RGPD &#8211; R\u00e8glement (UE) 2016\/679) et \u00e0 la loi Informatique et Libert\u00e9s, Exportis s\u2019engage \u00e0 garantir un niveau \u00e9lev\u00e9 de protection des donn\u00e9es personnelles des utilisateurs. 1. Responsable du traitement ExportisSAS [&hellip;]<\/p>\n","protected":false},"author":1,"featured_media":0,"parent":0,"menu_order":0,"comment_status":"closed","ping_status":"closed","template":"","meta":{"footnotes":""},"class_list":["post-12456","page","type-page","status-publish","hentry"],"yoast_head":"<!-- This site is optimized with the Yoast SEO plugin v27.2 - https:\/\/yoast.com\/product\/yoast-seo-wordpress\/ -->\n<title>Protection Donnees - exportis<\/title>\n<meta name=\"robots\" content=\"index, follow, max-snippet:-1, max-image-preview:large, max-video-preview:-1\" \/>\n<link rel=\"canonical\" href=\"https:\/\/exportis.fr\/fr\/protection-donnees\/\" \/>\n<meta property=\"og:locale\" content=\"fr_FR\" \/>\n<meta property=\"og:type\" content=\"article\" \/>\n<meta property=\"og:title\" content=\"Protection Donnees - exportis\" \/>\n<meta property=\"og:description\" content=\"Protection Donnees Politique de protection des donn\u00e9es \u00e0 caract\u00e8re personnel Mis \u00e0 jour le 11\/07\/2025 Conform\u00e9ment au R\u00e8glement G\u00e9n\u00e9ral sur la Protection des Donn\u00e9es (RGPD &#8211; R\u00e8glement (UE) 2016\/679) et \u00e0 la loi Informatique et Libert\u00e9s, Exportis s\u2019engage \u00e0 garantir un niveau \u00e9lev\u00e9 de protection des donn\u00e9es personnelles des utilisateurs. 1. Responsable du traitement ExportisSAS [&hellip;]\" \/>\n<meta property=\"og:url\" content=\"https:\/\/exportis.fr\/fr\/protection-donnees\/\" \/>\n<meta property=\"og:site_name\" content=\"exportis\" \/>\n<meta property=\"article:modified_time\" content=\"2025-07-18T13:05:14+00:00\" \/>\n<meta name=\"twitter:card\" content=\"summary_large_image\" \/>\n<meta name=\"twitter:label1\" content=\"Dur\u00e9e de lecture estim\u00e9e\" \/>\n\t<meta name=\"twitter:data1\" content=\"2 minutes\" \/>\n<script type=\"application\/ld+json\" class=\"yoast-schema-graph\">{\"@context\":\"https:\/\/schema.org\",\"@graph\":[{\"@type\":\"WebPage\",\"@id\":\"https:\/\/exportis.fr\/fr\/protection-donnees\/\",\"url\":\"https:\/\/exportis.fr\/fr\/protection-donnees\/\",\"name\":\"Protection Donnees - exportis\",\"isPartOf\":{\"@id\":\"https:\/\/exportis.fr\/#website\"},\"datePublished\":\"2025-07-16T10:53:29+00:00\",\"dateModified\":\"2025-07-18T13:05:14+00:00\",\"breadcrumb\":{\"@id\":\"https:\/\/exportis.fr\/fr\/protection-donnees\/#breadcrumb\"},\"inLanguage\":\"fr-FR\",\"potentialAction\":[{\"@type\":\"ReadAction\",\"target\":[\"https:\/\/exportis.fr\/fr\/protection-donnees\/\"]}]},{\"@type\":\"BreadcrumbList\",\"@id\":\"https:\/\/exportis.fr\/fr\/protection-donnees\/#breadcrumb\",\"itemListElement\":[{\"@type\":\"ListItem\",\"position\":1,\"name\":\"Home\",\"item\":\"https:\/\/exportis.fr\/fr\/\"},{\"@type\":\"ListItem\",\"position\":2,\"name\":\"Protection Donnees\"}]},{\"@type\":\"WebSite\",\"@id\":\"https:\/\/exportis.fr\/#website\",\"url\":\"https:\/\/exportis.fr\/\",\"name\":\"exportis\",\"description\":\"\",\"publisher\":{\"@id\":\"https:\/\/exportis.fr\/#organization\"},\"potentialAction\":[{\"@type\":\"SearchAction\",\"target\":{\"@type\":\"EntryPoint\",\"urlTemplate\":\"https:\/\/exportis.fr\/?s={search_term_string}\"},\"query-input\":{\"@type\":\"PropertyValueSpecification\",\"valueRequired\":true,\"valueName\":\"search_term_string\"}}],\"inLanguage\":\"fr-FR\"},{\"@type\":\"Organization\",\"@id\":\"https:\/\/exportis.fr\/#organization\",\"name\":\"exportis\",\"url\":\"https:\/\/exportis.fr\/\",\"logo\":{\"@type\":\"ImageObject\",\"inLanguage\":\"fr-FR\",\"@id\":\"https:\/\/exportis.fr\/#\/schema\/logo\/image\/\",\"url\":\"https:\/\/exportis.fr\/wp-content\/uploads\/2025\/08\/exporties-logo.png\",\"contentUrl\":\"https:\/\/exportis.fr\/wp-content\/uploads\/2025\/08\/exporties-logo.png\",\"width\":800,\"height\":193,\"caption\":\"exportis\"},\"image\":{\"@id\":\"https:\/\/exportis.fr\/#\/schema\/logo\/image\/\"}}]}<\/script>\n<!-- \/ Yoast SEO plugin. -->","yoast_head_json":{"title":"Protection Donnees - exportis","robots":{"index":"index","follow":"follow","max-snippet":"max-snippet:-1","max-image-preview":"max-image-preview:large","max-video-preview":"max-video-preview:-1"},"canonical":"https:\/\/exportis.fr\/fr\/protection-donnees\/","og_locale":"fr_FR","og_type":"article","og_title":"Protection Donnees - exportis","og_description":"Protection Donnees Politique de protection des donn\u00e9es \u00e0 caract\u00e8re personnel Mis \u00e0 jour le 11\/07\/2025 Conform\u00e9ment au R\u00e8glement G\u00e9n\u00e9ral sur la Protection des Donn\u00e9es (RGPD &#8211; R\u00e8glement (UE) 2016\/679) et \u00e0 la loi Informatique et Libert\u00e9s, Exportis s\u2019engage \u00e0 garantir un niveau \u00e9lev\u00e9 de protection des donn\u00e9es personnelles des utilisateurs. 1. Responsable du traitement ExportisSAS [&hellip;]","og_url":"https:\/\/exportis.fr\/fr\/protection-donnees\/","og_site_name":"exportis","article_modified_time":"2025-07-18T13:05:14+00:00","twitter_card":"summary_large_image","twitter_misc":{"Dur\u00e9e de lecture estim\u00e9e":"2 minutes"},"schema":{"@context":"https:\/\/schema.org","@graph":[{"@type":"WebPage","@id":"https:\/\/exportis.fr\/fr\/protection-donnees\/","url":"https:\/\/exportis.fr\/fr\/protection-donnees\/","name":"Protection Donnees - exportis","isPartOf":{"@id":"https:\/\/exportis.fr\/#website"},"datePublished":"2025-07-16T10:53:29+00:00","dateModified":"2025-07-18T13:05:14+00:00","breadcrumb":{"@id":"https:\/\/exportis.fr\/fr\/protection-donnees\/#breadcrumb"},"inLanguage":"fr-FR","potentialAction":[{"@type":"ReadAction","target":["https:\/\/exportis.fr\/fr\/protection-donnees\/"]}]},{"@type":"BreadcrumbList","@id":"https:\/\/exportis.fr\/fr\/protection-donnees\/#breadcrumb","itemListElement":[{"@type":"ListItem","position":1,"name":"Home","item":"https:\/\/exportis.fr\/fr\/"},{"@type":"ListItem","position":2,"name":"Protection Donnees"}]},{"@type":"WebSite","@id":"https:\/\/exportis.fr\/#website","url":"https:\/\/exportis.fr\/","name":"exportis","description":"","publisher":{"@id":"https:\/\/exportis.fr\/#organization"},"potentialAction":[{"@type":"SearchAction","target":{"@type":"EntryPoint","urlTemplate":"https:\/\/exportis.fr\/?s={search_term_string}"},"query-input":{"@type":"PropertyValueSpecification","valueRequired":true,"valueName":"search_term_string"}}],"inLanguage":"fr-FR"},{"@type":"Organization","@id":"https:\/\/exportis.fr\/#organization","name":"exportis","url":"https:\/\/exportis.fr\/","logo":{"@type":"ImageObject","inLanguage":"fr-FR","@id":"https:\/\/exportis.fr\/#\/schema\/logo\/image\/","url":"https:\/\/exportis.fr\/wp-content\/uploads\/2025\/08\/exporties-logo.png","contentUrl":"https:\/\/exportis.fr\/wp-content\/uploads\/2025\/08\/exporties-logo.png","width":800,"height":193,"caption":"exportis"},"image":{"@id":"https:\/\/exportis.fr\/#\/schema\/logo\/image\/"}}]}},"_links":{"self":[{"href":"https:\/\/exportis.fr\/fr\/wp-json\/wp\/v2\/pages\/12456","targetHints":{"allow":["GET"]}}],"collection":[{"href":"https:\/\/exportis.fr\/fr\/wp-json\/wp\/v2\/pages"}],"about":[{"href":"https:\/\/exportis.fr\/fr\/wp-json\/wp\/v2\/types\/page"}],"author":[{"embeddable":true,"href":"https:\/\/exportis.fr\/fr\/wp-json\/wp\/v2\/users\/1"}],"replies":[{"embeddable":true,"href":"https:\/\/exportis.fr\/fr\/wp-json\/wp\/v2\/comments?post=12456"}],"version-history":[{"count":0,"href":"https:\/\/exportis.fr\/fr\/wp-json\/wp\/v2\/pages\/12456\/revisions"}],"wp:attachment":[{"href":"https:\/\/exportis.fr\/fr\/wp-json\/wp\/v2\/media?parent=12456"}],"curies":[{"name":"wp","href":"https:\/\/api.w.org\/{rel}","templated":true}]}}