{"id":12483,"date":"2025-07-16T11:26:00","date_gmt":"2025-07-16T11:26:00","guid":{"rendered":"https:\/\/exportis.fr\/?page_id=12483"},"modified":"2025-07-21T07:21:16","modified_gmt":"2025-07-21T07:21:16","slug":"cgu","status":"publish","type":"page","link":"https:\/\/exportis.fr\/fr\/cgu\/","title":{"rendered":"CGU"},"content":{"rendered":"\t\t<div data-elementor-type=\"wp-page\" data-elementor-id=\"12483\" class=\"elementor elementor-12483\">\n\t\t\t\t\t\t<section class=\"elementor-section elementor-top-section elementor-element elementor-element-53a0c94 elementor-section-boxed elementor-section-height-default elementor-section-height-default\" data-id=\"53a0c94\" data-element_type=\"section\" data-e-type=\"section\" data-settings=\"{&quot;background_background&quot;:&quot;classic&quot;}\">\n\t\t\t\t\t\t\t<div class=\"elementor-background-overlay\"><\/div>\n\t\t\t\t\t\t\t<div class=\"elementor-container elementor-column-gap-default\">\n\t\t\t\t\t<div class=\"elementor-column elementor-col-100 elementor-top-column elementor-element elementor-element-3800d88\" data-id=\"3800d88\" data-element_type=\"column\" data-e-type=\"column\">\n\t\t\t<div class=\"elementor-widget-wrap elementor-element-populated\">\n\t\t\t\t\t\t<div class=\"elementor-element elementor-element-efc6470 elementor-widget elementor-widget-page-title\" data-id=\"efc6470\" data-element_type=\"widget\" data-e-type=\"widget\" data-settings=\"{&quot;align&quot;:&quot;center&quot;}\" data-widget_type=\"page-title.default\">\n\t\t\t\t<div class=\"elementor-widget-container\">\n\t\t\t\t\t\t\t\n\t\t<div class=\"hfe-page-title hfe-page-title-wrapper elementor-widget-heading\">\n\n\t\t\t\t\t\t\t\t<h1 class=\"elementor-heading-title elementor-size-default\">\n\t\t\t\t\t\t\t\t\n\t\t\t\tCGU  \n\t\t\t<\/h1 > \n\t\t\t\t\t<\/div>\n\t\t\t\t\t\t<\/div>\n\t\t\t\t<\/div>\n\t\t\t\t\t<\/div>\n\t\t<\/div>\n\t\t\t\t\t<\/div>\n\t\t<\/section>\n\t\t\t\t<section class=\"elementor-section elementor-top-section elementor-element elementor-element-3f3a90e elementor-section-boxed elementor-section-height-default elementor-section-height-default\" data-id=\"3f3a90e\" data-element_type=\"section\" data-e-type=\"section\" data-settings=\"{&quot;background_background&quot;:&quot;classic&quot;}\">\n\t\t\t\t\t\t<div class=\"elementor-container elementor-column-gap-default\">\n\t\t\t\t\t<div class=\"elementor-column elementor-col-100 elementor-top-column elementor-element elementor-element-0fed372\" data-id=\"0fed372\" data-element_type=\"column\" data-e-type=\"column\">\n\t\t\t<div class=\"elementor-widget-wrap elementor-element-populated\">\n\t\t\t\t\t\t<div class=\"elementor-element elementor-element-a4e76b2 elementor-widget-mobile__width-initial elementor-widget__width-initial elementor-widget elementor-widget-heading\" data-id=\"a4e76b2\" data-element_type=\"widget\" data-e-type=\"widget\" data-widget_type=\"heading.default\">\n\t\t\t\t<div class=\"elementor-widget-container\">\n\t\t\t\t\t<h1 class=\"elementor-heading-title elementor-size-default\">Conditions G\u00e9n\u00e9rales d\u2019Utilisation<\/h1>\t\t\t\t<\/div>\n\t\t\t\t<\/div>\n\t\t\t\t<div class=\"elementor-element elementor-element-6bafef8 elementor-widget-mobile__width-initial elementor-widget__width-initial elementor-widget elementor-widget-heading\" data-id=\"6bafef8\" data-element_type=\"widget\" data-e-type=\"widget\" data-widget_type=\"heading.default\">\n\t\t\t\t<div class=\"elementor-widget-container\">\n\t\t\t\t\t<h2 class=\"elementor-heading-title elementor-size-default\">Mis \u00e0 jour le 11\/07\/2025<\/h2>\t\t\t\t<\/div>\n\t\t\t\t<\/div>\n\t\t\t\t<div class=\"elementor-element elementor-element-1cec69a elementor-widget-mobile__width-initial elementor-widget__width-initial elementor-widget elementor-widget-heading\" data-id=\"1cec69a\" data-element_type=\"widget\" data-e-type=\"widget\" data-widget_type=\"heading.default\">\n\t\t\t\t<div class=\"elementor-widget-container\">\n\t\t\t\t\t<h3 class=\"elementor-heading-title elementor-size-default\">1. Objet<\/h3>\t\t\t\t<\/div>\n\t\t\t\t<\/div>\n\t\t\t\t<div class=\"elementor-element elementor-element-7fbb7c1 elementor-widget__width-initial elementor-widget-mobile__width-initial elementor-widget elementor-widget-text-editor\" data-id=\"7fbb7c1\" data-element_type=\"widget\" data-e-type=\"widget\" data-widget_type=\"text-editor.default\">\n\t\t\t\t<div class=\"elementor-widget-container\">\n\t\t\t\t\t\t\t\t\t<div class=\"ewa-rteLine\">Les pr\u00e9sentes Conditions G\u00e9n\u00e9rales d\u2019Utilisation (CGU) d\u00e9finissent les modalit\u00e9s de mise \u00e0 disposition du site <span style=\"color: #3366ff;\"><a style=\"text-decoration: none; color: #3366ff;\" href=\"https:\/\/exportis.fr\/fr\">www.exportis.fr<\/a><\/span> et les conditions d\u2019utilisation du service par l\u2019utilisateur.<\/div>\t\t\t\t\t\t\t\t<\/div>\n\t\t\t\t<\/div>\n\t\t\t\t<div class=\"elementor-element elementor-element-6b54c01 elementor-widget-mobile__width-initial elementor-widget__width-initial elementor-widget elementor-widget-heading\" data-id=\"6b54c01\" data-element_type=\"widget\" data-e-type=\"widget\" data-widget_type=\"heading.default\">\n\t\t\t\t<div class=\"elementor-widget-container\">\n\t\t\t\t\t<h3 class=\"elementor-heading-title elementor-size-default\">2. Acceptation<\/h3>\t\t\t\t<\/div>\n\t\t\t\t<\/div>\n\t\t\t\t<div class=\"elementor-element elementor-element-7d70d0d elementor-widget__width-initial elementor-widget-mobile__width-initial elementor-widget elementor-widget-text-editor\" data-id=\"7d70d0d\" data-element_type=\"widget\" data-e-type=\"widget\" data-widget_type=\"text-editor.default\">\n\t\t\t\t<div class=\"elementor-widget-container\">\n\t\t\t\t\t\t\t\t\t<div class=\"ewa-rteLine\">En naviguant sur ce site, l\u2019utilisateur accepte sans r\u00e9serve les pr\u00e9sentes CGU.<\/div>\t\t\t\t\t\t\t\t<\/div>\n\t\t\t\t<\/div>\n\t\t\t\t<div class=\"elementor-element elementor-element-67bbf0e elementor-widget-mobile__width-initial elementor-widget__width-initial elementor-widget elementor-widget-heading\" data-id=\"67bbf0e\" data-element_type=\"widget\" data-e-type=\"widget\" data-widget_type=\"heading.default\">\n\t\t\t\t<div class=\"elementor-widget-container\">\n\t\t\t\t\t<h3 class=\"elementor-heading-title elementor-size-default\">3. Acc\u00e8s au Site<\/h3>\t\t\t\t<\/div>\n\t\t\t\t<\/div>\n\t\t\t\t<div class=\"elementor-element elementor-element-f4a48dd elementor-widget__width-initial elementor-widget-mobile__width-initial elementor-widget elementor-widget-text-editor\" data-id=\"f4a48dd\" data-element_type=\"widget\" data-e-type=\"widget\" data-widget_type=\"text-editor.default\">\n\t\t\t\t<div class=\"elementor-widget-container\">\n\t\t\t\t\t\t\t\t\t<div class=\"ewa-rteLine\">Le site est accessible \u00e0 tout utilisateur disposant d\u2019un acc\u00e8s \u00e0 Internet. Tous les frais li\u00e9s \u00e0 l\u2019acc\u00e8s au site sont \u00e0 la charge de l\u2019utilisateur.<\/div>\t\t\t\t\t\t\t\t<\/div>\n\t\t\t\t<\/div>\n\t\t\t\t<div class=\"elementor-element elementor-element-7cfdcdd elementor-widget-mobile__width-initial elementor-widget__width-initial elementor-widget elementor-widget-heading\" data-id=\"7cfdcdd\" data-element_type=\"widget\" data-e-type=\"widget\" data-widget_type=\"heading.default\">\n\t\t\t\t<div class=\"elementor-widget-container\">\n\t\t\t\t\t<h3 class=\"elementor-heading-title elementor-size-default\">4. Propri\u00e9t\u00e9 Intellectuelle<\/h3>\t\t\t\t<\/div>\n\t\t\t\t<\/div>\n\t\t\t\t<div class=\"elementor-element elementor-element-b815a86 elementor-widget__width-initial elementor-widget-mobile__width-initial elementor-widget elementor-widget-text-editor\" data-id=\"b815a86\" data-element_type=\"widget\" data-e-type=\"widget\" data-widget_type=\"text-editor.default\">\n\t\t\t\t<div class=\"elementor-widget-container\">\n\t\t\t\t\t\t\t\t\t<div class=\"ewa-rteLine\">Tous les \u00e9l\u00e9ments pr\u00e9sents sur le site (textes, images, logos, etc.) sont la propri\u00e9t\u00e9 exclusive d\u2019Exportis, sauf indication contraire. Toute reproduction ou utilisation sans autorisation est interdite.<\/div>\t\t\t\t\t\t\t\t<\/div>\n\t\t\t\t<\/div>\n\t\t\t\t<div class=\"elementor-element elementor-element-9a5e9eb elementor-widget-mobile__width-initial elementor-widget__width-initial elementor-widget elementor-widget-heading\" data-id=\"9a5e9eb\" data-element_type=\"widget\" data-e-type=\"widget\" data-widget_type=\"heading.default\">\n\t\t\t\t<div class=\"elementor-widget-container\">\n\t\t\t\t\t<h3 class=\"elementor-heading-title elementor-size-default\">5. Responsabilit\u00e9<\/h3>\t\t\t\t<\/div>\n\t\t\t\t<\/div>\n\t\t\t\t<div class=\"elementor-element elementor-element-7ce576b elementor-widget__width-initial elementor-widget-mobile__width-initial elementor-widget elementor-widget-text-editor\" data-id=\"7ce576b\" data-element_type=\"widget\" data-e-type=\"widget\" data-widget_type=\"text-editor.default\">\n\t\t\t\t<div class=\"elementor-widget-container\">\n\t\t\t\t\t\t\t\t\t<div class=\"ewa-rteLine\">Exportis d\u00e9cline toute responsabilit\u00e9 en cas d\u2019erreurs, d\u2019omissions ou de mauvaise utilisation des informations diffus\u00e9es sur le site.<\/div>\t\t\t\t\t\t\t\t<\/div>\n\t\t\t\t<\/div>\n\t\t\t\t<div class=\"elementor-element elementor-element-696cad1 elementor-widget-mobile__width-initial elementor-widget__width-initial elementor-widget elementor-widget-heading\" data-id=\"696cad1\" data-element_type=\"widget\" data-e-type=\"widget\" data-widget_type=\"heading.default\">\n\t\t\t\t<div class=\"elementor-widget-container\">\n\t\t\t\t\t<h3 class=\"elementor-heading-title elementor-size-default\">6. Droit applicable et juridiction comp\u00e9tente<\/h3>\t\t\t\t<\/div>\n\t\t\t\t<\/div>\n\t\t\t\t<div class=\"elementor-element elementor-element-6d1b3cf elementor-widget__width-initial elementor-widget-mobile__width-initial elementor-widget elementor-widget-text-editor\" data-id=\"6d1b3cf\" data-element_type=\"widget\" data-e-type=\"widget\" data-widget_type=\"text-editor.default\">\n\t\t\t\t<div class=\"elementor-widget-container\">\n\t\t\t\t\t\t\t\t\t<div class=\"ewa-rteLine\">Les pr\u00e9sentes CGU sont r\u00e9gies par le droit fran\u00e7ais. En cas de litige, et apr\u00e8s tentative de recherche d\u2019une solution amiable, comp\u00e9tence expresse est attribu\u00e9e aux tribunaux comp\u00e9tents d\u2019Angers.<\/div>\t\t\t\t\t\t\t\t<\/div>\n\t\t\t\t<\/div>\n\t\t\t\t<div class=\"elementor-element elementor-element-04f39c0 elementor-widget-mobile__width-initial elementor-widget__width-initial elementor-widget elementor-widget-heading\" data-id=\"04f39c0\" data-element_type=\"widget\" data-e-type=\"widget\" data-widget_type=\"heading.default\">\n\t\t\t\t<div class=\"elementor-widget-container\">\n\t\t\t\t\t<h3 class=\"elementor-heading-title elementor-size-default\">7. Modifications des CGU<\/h3>\t\t\t\t<\/div>\n\t\t\t\t<\/div>\n\t\t\t\t<div class=\"elementor-element elementor-element-2105849 elementor-widget__width-initial elementor-widget-mobile__width-initial elementor-widget elementor-widget-text-editor\" data-id=\"2105849\" data-element_type=\"widget\" data-e-type=\"widget\" data-widget_type=\"text-editor.default\">\n\t\t\t\t<div class=\"elementor-widget-container\">\n\t\t\t\t\t\t\t\t\t<div class=\"ewa-rteLine\">Exportis se r\u00e9serve le droit de modifier les pr\u00e9sentes CGU \u00e0 tout moment, sans pr\u00e9avis. L\u2019utilisateur est invit\u00e9 \u00e0 les consulter r\u00e9guli\u00e8rement. L\u2019utilisation continue du site apr\u00e8s modification constitue une acceptation de la nouvelle version des CGU.<\/div>\t\t\t\t\t\t\t\t<\/div>\n\t\t\t\t<\/div>\n\t\t\t\t\t<\/div>\n\t\t<\/div>\n\t\t\t\t\t<\/div>\n\t\t<\/section>\n\t\t\t\t<\/div>\n\t\t","protected":false},"excerpt":{"rendered":"<p>CGU Conditions G\u00e9n\u00e9rales d\u2019Utilisation Mis \u00e0 jour le 11\/07\/2025 1. Objet Les pr\u00e9sentes Conditions G\u00e9n\u00e9rales d\u2019Utilisation (CGU) d\u00e9finissent les modalit\u00e9s de mise \u00e0 disposition du site www.exportis.fr et les conditions d\u2019utilisation du service par l\u2019utilisateur. 2. Acceptation En naviguant sur ce site, l\u2019utilisateur accepte sans r\u00e9serve les pr\u00e9sentes CGU. 3. Acc\u00e8s au Site Le site [&hellip;]<\/p>\n","protected":false},"author":1,"featured_media":0,"parent":0,"menu_order":0,"comment_status":"closed","ping_status":"closed","template":"","meta":{"footnotes":""},"class_list":["post-12483","page","type-page","status-publish","hentry"],"yoast_head":"<!-- This site is optimized with the Yoast SEO plugin v27.2 - https:\/\/yoast.com\/product\/yoast-seo-wordpress\/ -->\n<title>CGU - exportis<\/title>\n<meta name=\"robots\" content=\"index, follow, max-snippet:-1, max-image-preview:large, max-video-preview:-1\" \/>\n<link rel=\"canonical\" href=\"https:\/\/exportis.fr\/fr\/cgu\/\" \/>\n<meta property=\"og:locale\" content=\"fr_FR\" \/>\n<meta property=\"og:type\" content=\"article\" \/>\n<meta property=\"og:title\" content=\"CGU - exportis\" \/>\n<meta property=\"og:description\" content=\"CGU Conditions G\u00e9n\u00e9rales d\u2019Utilisation Mis \u00e0 jour le 11\/07\/2025 1. Objet Les pr\u00e9sentes Conditions G\u00e9n\u00e9rales d\u2019Utilisation (CGU) d\u00e9finissent les modalit\u00e9s de mise \u00e0 disposition du site www.exportis.fr et les conditions d\u2019utilisation du service par l\u2019utilisateur. 2. Acceptation En naviguant sur ce site, l\u2019utilisateur accepte sans r\u00e9serve les pr\u00e9sentes CGU. 3. Acc\u00e8s au Site Le site [&hellip;]\" \/>\n<meta property=\"og:url\" content=\"https:\/\/exportis.fr\/fr\/cgu\/\" \/>\n<meta property=\"og:site_name\" content=\"exportis\" \/>\n<meta property=\"article:modified_time\" content=\"2025-07-21T07:21:16+00:00\" \/>\n<meta name=\"twitter:card\" content=\"summary_large_image\" \/>\n<meta name=\"twitter:label1\" content=\"Dur\u00e9e de lecture estim\u00e9e\" \/>\n\t<meta name=\"twitter:data1\" content=\"1 minute\" \/>\n<script type=\"application\/ld+json\" class=\"yoast-schema-graph\">{\"@context\":\"https:\/\/schema.org\",\"@graph\":[{\"@type\":\"WebPage\",\"@id\":\"https:\/\/exportis.fr\/fr\/cgu\/\",\"url\":\"https:\/\/exportis.fr\/fr\/cgu\/\",\"name\":\"CGU - exportis\",\"isPartOf\":{\"@id\":\"https:\/\/exportis.fr\/#website\"},\"datePublished\":\"2025-07-16T11:26:00+00:00\",\"dateModified\":\"2025-07-21T07:21:16+00:00\",\"breadcrumb\":{\"@id\":\"https:\/\/exportis.fr\/fr\/cgu\/#breadcrumb\"},\"inLanguage\":\"fr-FR\",\"potentialAction\":[{\"@type\":\"ReadAction\",\"target\":[\"https:\/\/exportis.fr\/fr\/cgu\/\"]}]},{\"@type\":\"BreadcrumbList\",\"@id\":\"https:\/\/exportis.fr\/fr\/cgu\/#breadcrumb\",\"itemListElement\":[{\"@type\":\"ListItem\",\"position\":1,\"name\":\"Home\",\"item\":\"https:\/\/exportis.fr\/fr\/\"},{\"@type\":\"ListItem\",\"position\":2,\"name\":\"CGU\"}]},{\"@type\":\"WebSite\",\"@id\":\"https:\/\/exportis.fr\/#website\",\"url\":\"https:\/\/exportis.fr\/\",\"name\":\"exportis\",\"description\":\"\",\"publisher\":{\"@id\":\"https:\/\/exportis.fr\/#organization\"},\"potentialAction\":[{\"@type\":\"SearchAction\",\"target\":{\"@type\":\"EntryPoint\",\"urlTemplate\":\"https:\/\/exportis.fr\/?s={search_term_string}\"},\"query-input\":{\"@type\":\"PropertyValueSpecification\",\"valueRequired\":true,\"valueName\":\"search_term_string\"}}],\"inLanguage\":\"fr-FR\"},{\"@type\":\"Organization\",\"@id\":\"https:\/\/exportis.fr\/#organization\",\"name\":\"exportis\",\"url\":\"https:\/\/exportis.fr\/\",\"logo\":{\"@type\":\"ImageObject\",\"inLanguage\":\"fr-FR\",\"@id\":\"https:\/\/exportis.fr\/#\/schema\/logo\/image\/\",\"url\":\"https:\/\/exportis.fr\/wp-content\/uploads\/2025\/08\/exporties-logo.png\",\"contentUrl\":\"https:\/\/exportis.fr\/wp-content\/uploads\/2025\/08\/exporties-logo.png\",\"width\":800,\"height\":193,\"caption\":\"exportis\"},\"image\":{\"@id\":\"https:\/\/exportis.fr\/#\/schema\/logo\/image\/\"}}]}<\/script>\n<!-- \/ Yoast SEO plugin. -->","yoast_head_json":{"title":"CGU - exportis","robots":{"index":"index","follow":"follow","max-snippet":"max-snippet:-1","max-image-preview":"max-image-preview:large","max-video-preview":"max-video-preview:-1"},"canonical":"https:\/\/exportis.fr\/fr\/cgu\/","og_locale":"fr_FR","og_type":"article","og_title":"CGU - exportis","og_description":"CGU Conditions G\u00e9n\u00e9rales d\u2019Utilisation Mis \u00e0 jour le 11\/07\/2025 1. Objet Les pr\u00e9sentes Conditions G\u00e9n\u00e9rales d\u2019Utilisation (CGU) d\u00e9finissent les modalit\u00e9s de mise \u00e0 disposition du site www.exportis.fr et les conditions d\u2019utilisation du service par l\u2019utilisateur. 2. Acceptation En naviguant sur ce site, l\u2019utilisateur accepte sans r\u00e9serve les pr\u00e9sentes CGU. 3. Acc\u00e8s au Site Le site [&hellip;]","og_url":"https:\/\/exportis.fr\/fr\/cgu\/","og_site_name":"exportis","article_modified_time":"2025-07-21T07:21:16+00:00","twitter_card":"summary_large_image","twitter_misc":{"Dur\u00e9e de lecture estim\u00e9e":"1 minute"},"schema":{"@context":"https:\/\/schema.org","@graph":[{"@type":"WebPage","@id":"https:\/\/exportis.fr\/fr\/cgu\/","url":"https:\/\/exportis.fr\/fr\/cgu\/","name":"CGU - exportis","isPartOf":{"@id":"https:\/\/exportis.fr\/#website"},"datePublished":"2025-07-16T11:26:00+00:00","dateModified":"2025-07-21T07:21:16+00:00","breadcrumb":{"@id":"https:\/\/exportis.fr\/fr\/cgu\/#breadcrumb"},"inLanguage":"fr-FR","potentialAction":[{"@type":"ReadAction","target":["https:\/\/exportis.fr\/fr\/cgu\/"]}]},{"@type":"BreadcrumbList","@id":"https:\/\/exportis.fr\/fr\/cgu\/#breadcrumb","itemListElement":[{"@type":"ListItem","position":1,"name":"Home","item":"https:\/\/exportis.fr\/fr\/"},{"@type":"ListItem","position":2,"name":"CGU"}]},{"@type":"WebSite","@id":"https:\/\/exportis.fr\/#website","url":"https:\/\/exportis.fr\/","name":"exportis","description":"","publisher":{"@id":"https:\/\/exportis.fr\/#organization"},"potentialAction":[{"@type":"SearchAction","target":{"@type":"EntryPoint","urlTemplate":"https:\/\/exportis.fr\/?s={search_term_string}"},"query-input":{"@type":"PropertyValueSpecification","valueRequired":true,"valueName":"search_term_string"}}],"inLanguage":"fr-FR"},{"@type":"Organization","@id":"https:\/\/exportis.fr\/#organization","name":"exportis","url":"https:\/\/exportis.fr\/","logo":{"@type":"ImageObject","inLanguage":"fr-FR","@id":"https:\/\/exportis.fr\/#\/schema\/logo\/image\/","url":"https:\/\/exportis.fr\/wp-content\/uploads\/2025\/08\/exporties-logo.png","contentUrl":"https:\/\/exportis.fr\/wp-content\/uploads\/2025\/08\/exporties-logo.png","width":800,"height":193,"caption":"exportis"},"image":{"@id":"https:\/\/exportis.fr\/#\/schema\/logo\/image\/"}}]}},"_links":{"self":[{"href":"https:\/\/exportis.fr\/fr\/wp-json\/wp\/v2\/pages\/12483","targetHints":{"allow":["GET"]}}],"collection":[{"href":"https:\/\/exportis.fr\/fr\/wp-json\/wp\/v2\/pages"}],"about":[{"href":"https:\/\/exportis.fr\/fr\/wp-json\/wp\/v2\/types\/page"}],"author":[{"embeddable":true,"href":"https:\/\/exportis.fr\/fr\/wp-json\/wp\/v2\/users\/1"}],"replies":[{"embeddable":true,"href":"https:\/\/exportis.fr\/fr\/wp-json\/wp\/v2\/comments?post=12483"}],"version-history":[{"count":0,"href":"https:\/\/exportis.fr\/fr\/wp-json\/wp\/v2\/pages\/12483\/revisions"}],"wp:attachment":[{"href":"https:\/\/exportis.fr\/fr\/wp-json\/wp\/v2\/media?parent=12483"}],"curies":[{"name":"wp","href":"https:\/\/api.w.org\/{rel}","templated":true}]}}